{"id":146483,"date":"2025-08-14T23:04:04","date_gmt":"2025-08-14T21:04:04","guid":{"rendered":"http:\/\/supview.cluster014.ovh.net\/VINCX\/?page_id=146483"},"modified":"2026-01-06T14:45:40","modified_gmt":"2026-01-06T13:45:40","slug":"a-propos","status":"publish","type":"page","link":"http:\/\/supview.cluster014.ovh.net\/VINCX\/a-propos\/","title":{"rendered":"A propos"},"content":{"rendered":"<div class=\"wpb-content-wrapper\"><p>[vc_row unlock_row_content=\u00a0\u00bbyes\u00a0\u00bb row_height_percent=\u00a0\u00bb100&Prime; override_padding=\u00a0\u00bbyes\u00a0\u00bb h_padding=\u00a0\u00bb2&Prime; top_padding=\u00a0\u00bb0&Prime; bottom_padding=\u00a0\u00bb0&Prime; back_color=\u00a0\u00bbcolor-jevc\u00a0\u00bb overlay_alpha=\u00a0\u00bb50&Prime; equal_height=\u00a0\u00bbyes\u00a0\u00bb gutter_size=\u00a0\u00bb3&Prime; column_width_percent=\u00a0\u00bb100&Prime; shift_y=\u00a0\u00bb0&Prime; z_index=\u00a0\u00bb0&Prime; content_parallax=\u00a0\u00bb0&Prime; uncode_shortcode_id=\u00a0\u00bb144124&Prime; back_color_type=\u00a0\u00bbuncode-palette\u00a0\u00bb el_class=\u00a0\u00bbblk\u00a0\u00bb][vc_column column_width_percent=\u00a0\u00bb100&Prime; gutter_size=\u00a0\u00bb3&Prime; expand_height=\u00a0\u00bbyes\u00a0\u00bb style=\u00a0\u00bbdark\u00a0\u00bb overlay_alpha=\u00a0\u00bb50&Prime; shift_x=\u00a0\u00bb0&Prime; shift_y=\u00a0\u00bb0&Prime; z_index=\u00a0\u00bb0&Prime; medium_width=\u00a0\u00bb0&Prime; width=\u00a0\u00bb1\/1&Prime;][vc_empty_space empty_h=\u00a0\u00bb4&Prime;][vc_row_inner][vc_column_inner width=\u00a0\u00bb6\/12&Prime;][vc_custom_heading text_color=\u00a0\u00bbcolor-xsdn\u00a0\u00bb heading_semantic=\u00a0\u00bbh1&Prime; text_font=\u00a0\u00bbfont-sterling\u00a0\u00bb text_size=\u00a0\u00bbfontsize-210105&Prime; text_transform=\u00a0\u00bbuppercase\u00a0\u00bb text_height=\u00a0\u00bbfontheight-161249&Prime; text_align=\u00a0\u00bbtext-left\u00a0\u00bb uncode_shortcode_id=\u00a0\u00bb553875&Prime; text_color_type=\u00a0\u00bbuncode-palette\u00a0\u00bb]Chaque projet commence par une rencontre : la v\u00f4tre.[\/vc_custom_heading][vc_column_text text_color=\u00a0\u00bbcolor-xsdn\u00a0\u00bb uncode_shortcode_id=\u00a0\u00bb516318&Prime; text_color_type=\u00a0\u00bbuncode-palette\u00a0\u00bb]Vos envies, votre mode de vie, votre mani\u00e8re de travailler et vos ambitions constituent le point de d\u00e9part de notre r\u00e9flexion. \u00c0 partir de cette \u00e9coute attentive, nous \u00e9laborons une architecture\u00a0fonctionnelle, coh\u00e9rente et \u00e9l\u00e9gante, pens\u00e9e pour s\u2019int\u00e9grer naturellement \u00e0 votre quotidien.<\/p>\n<p>Nous imaginons des espaces en dialogue avec leur environnement, qu\u2019il soit existant ou en devenir. Volume, circulation et d\u00e9tails sont \u00e9tudi\u00e9s avec soin. La s\u00e9lection rigoureuse de mat\u00e9riaux durables, associ\u00e9e \u00e0 une approche architecturale ma\u00eetris\u00e9e, donne naissance \u00e0 des lieux justes, p\u00e9rennes et propices au bien-\u00eatre.<\/p>\n<p>Rien n\u2019est laiss\u00e9 au hasard. De l\u2019esquisse \u00e0 la livraison, la m\u00eame \u00e9quipe vous accompagne avec\u00a0une exigence constante dans le suivi de chantier. Pr\u00e9sents \u00e0 chaque \u00e9tape, nous veillons \u00e0 la qualit\u00e9 d\u2019ex\u00e9cution, au respect du projet et \u00e0 la pr\u00e9cision des d\u00e9tails, afin que l\u2019architecture pens\u00e9e se traduise fid\u00e8lement dans la r\u00e9alit\u00e9 construite.[\/vc_column_text][\/vc_column_inner][vc_column_inner width=\u00a0\u00bb6\/12&Prime;][\/vc_column_inner][\/vc_row_inner][vc_empty_space empty_h=\u00a0\u00bb3&Prime;][vc_row_inner row_inner_height_percent=\u00a0\u00bb0&Prime; overlay_alpha=\u00a0\u00bb50&Prime; equal_height=\u00a0\u00bbyes\u00a0\u00bb gutter_size=\u00a0\u00bb0&Prime; shift_y=\u00a0\u00bb0&Prime; limit_content=\u00a0\u00bb\u00a0\u00bb][vc_column_inner column_width_use_pixel=\u00a0\u00bbyes\u00a0\u00bb gutter_size=\u00a0\u00bb3&Prime; overlay_alpha=\u00a0\u00bb50&Prime; shift_x=\u00a0\u00bb0&Prime; shift_y=\u00a0\u00bb0&Prime; shift_y_down=\u00a0\u00bb0&Prime; z_index=\u00a0\u00bb0&Prime; medium_width=\u00a0\u00bb0&Prime; mobile_width=\u00a0\u00bb0&Prime; sticky=\u00a0\u00bbyes\u00a0\u00bb width=\u00a0\u00bb6\/12&Prime; mobile_height=\u00a0\u00bb300&Prime; uncode_shortcode_id=\u00a0\u00bb158326&Prime;][vc_single_image media=\u00a0\u00bb146532&Prime; media_width_percent=\u00a0\u00bb100&Prime; shape=\u00a0\u00bbimg-round\u00a0\u00bb uncode_shortcode_id=\u00a0\u00bb156787&Prime;][\/vc_column_inner][vc_column_inner width=\u00a0\u00bb1\/12&Prime;][\/vc_column_inner][vc_column_inner column_width_percent=\u00a0\u00bb100&Prime; gutter_size=\u00a0\u00bb3&Prime; overlay_alpha=\u00a0\u00bb50&Prime; shift_x=\u00a0\u00bb0&Prime; shift_y=\u00a0\u00bb0&Prime; shift_y_down=\u00a0\u00bb0&Prime; z_index=\u00a0\u00bb0&Prime; medium_width=\u00a0\u00bb0&Prime; mobile_width=\u00a0\u00bb0&Prime; width=\u00a0\u00bb5\/12&Prime; uncode_shortcode_id=\u00a0\u00bb714410&Prime; el_class=\u00a0\u00bbcontent-right-about\u00a0\u00bb][vc_custom_heading text_color=\u00a0\u00bbcolor-xsdn\u00a0\u00bb text_transform=\u00a0\u00bbuppercase\u00a0\u00bb uncode_shortcode_id=\u00a0\u00bb100030&Prime; text_color_type=\u00a0\u00bbuncode-palette\u00a0\u00bb]Une architecture&#8230;[\/vc_custom_heading][vc_empty_space empty_h=\u00a0\u00bb4&Prime;][vc_separator sep_color=\u00a0\u00bbcolor-xsdn\u00a0\u00bb uncode_shortcode_id=\u00a0\u00bb186995&Prime; sep_color_type=\u00a0\u00bbuncode-palette\u00a0\u00bb][vc_custom_heading text_color=\u00a0\u00bbcolor-wvjs\u00a0\u00bb heading_semantic=\u00a0\u00bbh6&Prime; text_font=\u00a0\u00bbfont-sterling\u00a0\u00bb text_size=\u00a0\u00bbcustom\u00a0\u00bb text_transform=\u00a0\u00bbuppercase\u00a0\u00bb text_space=\u00a0\u00bbfontspace-210350&Prime; uncode_shortcode_id=\u00a0\u00bb915932&Prime; heading_custom_size=\u00a0\u00bb11&Prime; text_color_type=\u00a0\u00bbuncode-palette\u00a0\u00bb]Fonctionnelle[\/vc_custom_heading][vc_column_text uncode_shortcode_id=\u00a0\u00bb112382&Prime;]La fonctionnalit\u00e9 est au c\u0153ur de l\u2019approche de Vincx Architects.<br \/>\nChaque projet est pens\u00e9 \u00e0 partir des usages, des relations entre les espaces, du dialogue entre int\u00e9rieur et ext\u00e9rieur, de la lumi\u00e8re naturelle et du choix des mat\u00e9riaux.<\/p>\n<p>Nous menons une analyse globale et dynamique, de la conception \u00e0 la r\u00e9alisation, afin de garantir des lieux durables, efficaces et agr\u00e9able \u00e0 vivre. Cette exigence fonctionnelle vise avant tout un objectif essentiel\u00a0: am\u00e9liorer le confort et le bien-\u00eatre au quotidien.[\/vc_column_text][vc_separator sep_color=\u00a0\u00bbcolor-xsdn\u00a0\u00bb uncode_shortcode_id=\u00a0\u00bb186995&Prime; sep_color_type=\u00a0\u00bbuncode-palette\u00a0\u00bb][vc_custom_heading text_color=\u00a0\u00bbcolor-wvjs\u00a0\u00bb heading_semantic=\u00a0\u00bbh6&Prime; text_font=\u00a0\u00bbfont-sterling\u00a0\u00bb text_size=\u00a0\u00bbcustom\u00a0\u00bb text_transform=\u00a0\u00bbuppercase\u00a0\u00bb text_space=\u00a0\u00bbfontspace-210350&Prime; uncode_shortcode_id=\u00a0\u00bb465402&Prime; heading_custom_size=\u00a0\u00bb11&Prime; text_color_type=\u00a0\u00bbuncode-palette\u00a0\u00bb]Durable[\/vc_custom_heading][vc_column_text uncode_shortcode_id=\u00a0\u00bb178003&Prime;]La durabilit\u00e9 est une exigence fondamentale chez Vincx Architects.<br \/>\nChaque projet privil\u00e9gie des mat\u00e9riaux de qualit\u00e9, une mise en \u0153uvre soign\u00e9e et une attention constante port\u00e9e au d\u00e9tail, afin de garantir de r\u00e9alisation p\u00e9rennes et responsables.<\/p>\n<p>Nous concevons des architectures \u00e9conomes en \u00e9nergie, en \u00e9troite collaboration avec nos clients, en int\u00e9grant des solutions adapt\u00e9es, fonctionnelles et coh\u00e9rentes. Pour nous, la durabilit\u00e9 n\u2019est pas une option, mais une n\u00e9cessit\u00e9 incontournable, au service de l\u2019usage, du confort et du temps.[\/vc_column_text][vc_separator sep_color=\u00a0\u00bbcolor-xsdn\u00a0\u00bb uncode_shortcode_id=\u00a0\u00bb186995&Prime; sep_color_type=\u00a0\u00bbuncode-palette\u00a0\u00bb][vc_custom_heading text_color=\u00a0\u00bbcolor-wvjs\u00a0\u00bb heading_semantic=\u00a0\u00bbh6&Prime; text_font=\u00a0\u00bbfont-sterling\u00a0\u00bb text_size=\u00a0\u00bbcustom\u00a0\u00bb text_transform=\u00a0\u00bbuppercase\u00a0\u00bb text_space=\u00a0\u00bbfontspace-210350&Prime; uncode_shortcode_id=\u00a0\u00bb308718&Prime; heading_custom_size=\u00a0\u00bb11&Prime; text_color_type=\u00a0\u00bbuncode-palette\u00a0\u00bb]Detaillee[\/vc_custom_heading][vc_column_text uncode_shortcode_id=\u00a0\u00bb401354&Prime;]Le souci du d\u00e9tail est une valeur embl\u00e9matique de\u00a0Vincx Architects. Pour nous, une architecture de qualit\u00e9 se pense dans sa globalit\u00e9, d\u00e8s la conception. Orientation, jeux de lumi\u00e8res, relations entre les espaces et choix des mat\u00e9riaux sont \u00e9tudi\u00e9s avec pr\u00e9cision.<\/p>\n<p>Cette exigence se prolonge lors de la r\u00e9alisation, \u00e0 travers un suivi rigoureux du chantier et une attention constante port\u00e9e \u00e0 l\u2019excellence de l\u2019ex\u00e9cution. Elle se traduit enfin dans les finitions, o\u00f9 chaque d\u00e9tail est v\u00e9rifi\u00e9 afin que le projet fonctionne exactement comme imagin\u00e9.<\/p>\n<p>Ce niveau de pr\u00e9cision est la garantie d\u2019une architecture ma\u00eetris\u00e9e et d\u2019une qualit\u00e9 durable.[\/vc_column_text][vc_separator sep_color=\u00a0\u00bbcolor-xsdn\u00a0\u00bb uncode_shortcode_id=\u00a0\u00bb186995&Prime; sep_color_type=\u00a0\u00bbuncode-palette\u00a0\u00bb][vc_custom_heading text_color=\u00a0\u00bbcolor-wvjs\u00a0\u00bb heading_semantic=\u00a0\u00bbh6&Prime; text_font=\u00a0\u00bbfont-sterling\u00a0\u00bb text_size=\u00a0\u00bbcustom\u00a0\u00bb text_transform=\u00a0\u00bbuppercase\u00a0\u00bb text_space=\u00a0\u00bbfontspace-210350&Prime; uncode_shortcode_id=\u00a0\u00bb169113&Prime; heading_custom_size=\u00a0\u00bb11&Prime; text_color_type=\u00a0\u00bbuncode-palette\u00a0\u00bb]Energetique[\/vc_custom_heading][vc_column_text uncode_shortcode_id=\u00a0\u00bb138949&Prime;]Chez\u00a0Vincx Architects, l\u2019efficacit\u00e9 \u00e9nerg\u00e9tique est au c\u0153ur de notre d\u00e9marche. Nous veillons \u00e0 limiter la consommation d\u2019\u00e9nergie, pour des raisons \u00e0 la fois \u00e9cologiques et \u00e9conomiques.<\/p>\n<p>Nous analysons et int\u00e9grons les\u00a0derni\u00e8res technologies et mat\u00e9riaux innovants\u00a0afin d\u2019apporter une r\u00e9elle valeur ajout\u00e9e \u00e0 chaque projet. Nos solutions visent \u00e0 r\u00e9duire la consommation d\u2019\u00e9nergie et les \u00e9missions de CO\u2082, tout en offrant confort et fonctionnalit\u00e9.<\/p>\n<p>Tout au long de la conception et de la r\u00e9alisation, nous vous proposons diff\u00e9rentes alternatives \u00e9nerg\u00e9tiques, afin de\u00a0choisir ensemble celles qui correspondent le mieux \u00e0 vos besoins et \u00e0 votre projet. L\u2019orientation des b\u00e2timents, l\u2019organisation des espaces et la qualit\u00e9 d\u2019ex\u00e9cution sont, pour nous, les cl\u00e9s d\u2019une architecture durable et r\u00e9ussie.[\/vc_column_text][\/vc_column_inner][\/vc_row_inner][vc_empty_space empty_h=\u00a0\u00bb4&Prime;][vc_row_inner row_inner_height_percent=\u00a0\u00bb0&Prime; overlay_alpha=\u00a0\u00bb50&Prime; gutter_size=\u00a0\u00bb3&Prime; shift_y=\u00a0\u00bb0&Prime; z_index=\u00a0\u00bb0&Prime; uncode_shortcode_id=\u00a0\u00bb488505&Prime; el_class=\u00a0\u00bbcontent-left-about\u00a0\u00bb][vc_column_inner column_width_percent=\u00a0\u00bb100&Prime; position_vertical=\u00a0\u00bbmiddle\u00a0\u00bb gutter_size=\u00a0\u00bb3&Prime; overlay_alpha=\u00a0\u00bb50&Prime; shift_x=\u00a0\u00bb0&Prime; shift_y=\u00a0\u00bb0&Prime; shift_y_down=\u00a0\u00bb0&Prime; z_index=\u00a0\u00bb0&Prime; medium_width=\u00a0\u00bb0&Prime; mobile_width=\u00a0\u00bb0&Prime; width=\u00a0\u00bb5\/12&Prime; uncode_shortcode_id=\u00a0\u00bb162801&Prime;][vc_custom_heading text_size=\u00a0\u00bbh3&Prime; uncode_shortcode_id=\u00a0\u00bb208588&Prime;]Vincent Vincx[\/vc_custom_heading][vc_column_text uncode_shortcode_id=\u00a0\u00bb164892&Prime;]Vincent Vincx\u00a0est architecte, dipl\u00f4m\u00e9 de Sint-Lucas Architecture \u00e0 Gand en 1998. Trilingue (fran\u00e7ais, n\u00e9erlandais et anglais), il accompagne ses clients dans les trois r\u00e9gions du pays. Fort de solides connaissances techniques et d\u2019un suivi de chantier rigoureux, il d\u00e9veloppe une architecture cr\u00e9ative o\u00f9 l\u2019esth\u00e9tique et la fonctionnalit\u00e9 sont indissociables. Pragmatique et tr\u00e8s manuel, il cherche toujours des solutions concr\u00e8tes \u00e0 chaque probl\u00e9matique.<\/p>\n<p>Appr\u00e9ciant particuli\u00e8rement le travail du bois, il con\u00e7oit des plans d\u2019am\u00e9nagement int\u00e9rieur sur mesure, int\u00e9grant du mobilier personnalis\u00e9 pour des bureaux, des cuisines, des espaces sanitaires ou des lieux de d\u00e9tente.[\/vc_column_text][\/vc_column_inner][vc_column_inner width=\u00a0\u00bb1\/12&Prime;][\/vc_column_inner][vc_column_inner column_width_percent=\u00a0\u00bb100&Prime; gutter_size=\u00a0\u00bb3&Prime; expand_height=\u00a0\u00bbyes\u00a0\u00bb overlay_alpha=\u00a0\u00bb50&Prime; shift_x=\u00a0\u00bb0&Prime; shift_y=\u00a0\u00bb0&Prime; shift_y_down=\u00a0\u00bb0&Prime; z_index=\u00a0\u00bb0&Prime; medium_width=\u00a0\u00bb0&Prime; mobile_width=\u00a0\u00bb0&Prime; width=\u00a0\u00bb6\/12&Prime; uncode_shortcode_id=\u00a0\u00bb182068&Prime;][vc_single_image media=\u00a0\u00bb146581&Prime; media_width_percent=\u00a0\u00bb100&Prime; shape=\u00a0\u00bbimg-round\u00a0\u00bb uncode_shortcode_id=\u00a0\u00bb176091&Prime;][\/vc_column_inner][\/vc_row_inner][vc_empty_space empty_h=\u00a0\u00bb4&Prime;][vc_row_inner row_inner_height_percent=\u00a0\u00bb0&Prime; overlay_alpha=\u00a0\u00bb50&Prime; equal_height=\u00a0\u00bbyes\u00a0\u00bb gutter_size=\u00a0\u00bb0&Prime; shift_y=\u00a0\u00bb0&Prime; limit_content=\u00a0\u00bb\u00a0\u00bb][vc_column_inner column_width_use_pixel=\u00a0\u00bbyes\u00a0\u00bb gutter_size=\u00a0\u00bb3&Prime; overlay_alpha=\u00a0\u00bb50&Prime; shift_x=\u00a0\u00bb0&Prime; shift_y=\u00a0\u00bb0&Prime; shift_y_down=\u00a0\u00bb0&Prime; z_index=\u00a0\u00bb0&Prime; medium_width=\u00a0\u00bb0&Prime; mobile_width=\u00a0\u00bb0&Prime; sticky=\u00a0\u00bbyes\u00a0\u00bb width=\u00a0\u00bb6\/12&Prime; mobile_height=\u00a0\u00bb300&Prime; uncode_shortcode_id=\u00a0\u00bb158326&Prime;][vc_single_image media=\u00a0\u00bb146459&Prime; media_width_percent=\u00a0\u00bb100&Prime; shape=\u00a0\u00bbimg-round\u00a0\u00bb uncode_shortcode_id=\u00a0\u00bb701564&Prime;][\/vc_column_inner][vc_column_inner width=\u00a0\u00bb1\/12&Prime;][\/vc_column_inner][vc_column_inner column_width_percent=\u00a0\u00bb100&Prime; gutter_size=\u00a0\u00bb3&Prime; overlay_alpha=\u00a0\u00bb50&Prime; shift_x=\u00a0\u00bb0&Prime; shift_y=\u00a0\u00bb0&Prime; shift_y_down=\u00a0\u00bb0&Prime; z_index=\u00a0\u00bb0&Prime; medium_width=\u00a0\u00bb0&Prime; mobile_width=\u00a0\u00bb0&Prime; width=\u00a0\u00bb5\/12&Prime; uncode_shortcode_id=\u00a0\u00bb714410&Prime; el_class=\u00a0\u00bbcontent-right-about\u00a0\u00bb][vc_custom_heading text_color=\u00a0\u00bbcolor-xsdn\u00a0\u00bb text_transform=\u00a0\u00bbuppercase\u00a0\u00bb uncode_shortcode_id=\u00a0\u00bb944077&Prime; text_color_type=\u00a0\u00bbuncode-palette\u00a0\u00bb]Les prestations<br \/>\nde l\u2019architecte[\/vc_custom_heading][vc_empty_space empty_h=\u00a0\u00bb4&Prime;][vc_separator sep_color=\u00a0\u00bbcolor-xsdn\u00a0\u00bb uncode_shortcode_id=\u00a0\u00bb186995&Prime; sep_color_type=\u00a0\u00bbuncode-palette\u00a0\u00bb][vc_custom_heading text_color=\u00a0\u00bbcolor-wvjs\u00a0\u00bb heading_semantic=\u00a0\u00bbh6&Prime; text_font=\u00a0\u00bbfont-sterling\u00a0\u00bb text_size=\u00a0\u00bbcustom\u00a0\u00bb text_transform=\u00a0\u00bbuppercase\u00a0\u00bb text_space=\u00a0\u00bbfontspace-210350&Prime; uncode_shortcode_id=\u00a0\u00bb315337&Prime; heading_custom_size=\u00a0\u00bb11&Prime; text_color_type=\u00a0\u00bbuncode-palette\u00a0\u00bb]Choisir son architecte[\/vc_custom_heading][vc_column_text uncode_shortcode_id=\u00a0\u00bb164519&Prime;]L\u2019architecte ne se limite pas \u00e0 dessiner des plans. Il garantit le bon fonctionnement technique du projet, assure le suivi rigoureux du chantier et veille \u00e0 la gestion financi\u00e8re.<\/p>\n<p>Tout au long de la mission, il devient un v\u00e9ritable partenaire, un interlocuteur de confiance, proche de vos besoins, presque comme un membre suppl\u00e9mentaire de votre famille ou de votre \u00e9quipe.<\/p>\n<p>Choisir son architecte est donc une \u00e9tape cruciale : il joue un r\u00f4le bien au-del\u00e0 du conseil, guidant chaque d\u00e9cision pour que votre projet prenne vie avec succ\u00e8s et s\u00e9r\u00e9nit\u00e9.[\/vc_column_text][vc_separator sep_color=\u00a0\u00bbcolor-xsdn\u00a0\u00bb uncode_shortcode_id=\u00a0\u00bb186995&Prime; sep_color_type=\u00a0\u00bbuncode-palette\u00a0\u00bb][vc_custom_heading text_color=\u00a0\u00bbcolor-wvjs\u00a0\u00bb heading_semantic=\u00a0\u00bbh6&Prime; text_font=\u00a0\u00bbfont-sterling\u00a0\u00bb text_size=\u00a0\u00bbcustom\u00a0\u00bb text_transform=\u00a0\u00bbuppercase\u00a0\u00bb text_space=\u00a0\u00bbfontspace-210350&Prime; uncode_shortcode_id=\u00a0\u00bb706636&Prime; heading_custom_size=\u00a0\u00bb11&Prime; text_color_type=\u00a0\u00bbuncode-palette\u00a0\u00bb]Avant-projet[\/vc_custom_heading][vc_column_text uncode_shortcode_id=\u00a0\u00bb334804&Prime;]\u00c0 partir de votre programme, l\u2019architecte \u00e9labore un avant-projet qui explore toutes les solutions possibles pour r\u00e9pondre \u00e0 vos besoins.<br \/>\nCe projet initial est ensuite affin\u00e9 et ajust\u00e9 selon vos retours, jusqu\u2019\u00e0 atteindre la version finale, qui servira de base solide pour toutes les \u00e9tapes suivantes.[\/vc_column_text][vc_separator sep_color=\u00a0\u00bbcolor-xsdn\u00a0\u00bb uncode_shortcode_id=\u00a0\u00bb186995&Prime; sep_color_type=\u00a0\u00bbuncode-palette\u00a0\u00bb][vc_custom_heading text_color=\u00a0\u00bbcolor-wvjs\u00a0\u00bb heading_semantic=\u00a0\u00bbh6&Prime; text_font=\u00a0\u00bbfont-sterling\u00a0\u00bb text_size=\u00a0\u00bbcustom\u00a0\u00bb text_transform=\u00a0\u00bbuppercase\u00a0\u00bb text_space=\u00a0\u00bbfontspace-210350&Prime; uncode_shortcode_id=\u00a0\u00bb205732&Prime; heading_custom_size=\u00a0\u00bb11&Prime; text_color_type=\u00a0\u00bbuncode-palette\u00a0\u00bb]Permis d\u2019urbanisme[\/vc_custom_heading][vc_column_text uncode_shortcode_id=\u00a0\u00bb319557&Prime;]Une fois l\u2019avant-projet approuv\u00e9, nous constituons le dossier complet de la demande de permis d\u2019urbanisme.[\/vc_column_text][vc_separator sep_color=\u00a0\u00bbcolor-xsdn\u00a0\u00bb uncode_shortcode_id=\u00a0\u00bb186995&Prime; sep_color_type=\u00a0\u00bbuncode-palette\u00a0\u00bb][vc_custom_heading text_color=\u00a0\u00bbcolor-wvjs\u00a0\u00bb heading_semantic=\u00a0\u00bbh6&Prime; text_font=\u00a0\u00bbfont-sterling\u00a0\u00bb text_size=\u00a0\u00bbcustom\u00a0\u00bb text_transform=\u00a0\u00bbuppercase\u00a0\u00bb text_space=\u00a0\u00bbfontspace-210350&Prime; uncode_shortcode_id=\u00a0\u00bb109423&Prime; heading_custom_size=\u00a0\u00bb11&Prime; text_color_type=\u00a0\u00bbuncode-palette\u00a0\u00bb]Dossier de soumission[\/vc_custom_heading][vc_column_text uncode_shortcode_id=\u00a0\u00bb171963&Prime;]Nous passons en revue les aspects techniques, les finitions et les prescriptions afin de constituer le dossier de soumission. Ce dossier comprend les plans d\u2019ex\u00e9cution, les d\u00e9tails, les m\u00e9tr\u00e9s, et permet aux entrepreneurs de remettre une offre compl\u00e8te.<\/p>\n<p>Nous analysons ensuite les offres re\u00e7ues et nous vous accompagnons dans le choix de l\u2019entreprise la plus adapt\u00e9e.[\/vc_column_text][vc_separator sep_color=\u00a0\u00bbcolor-xsdn\u00a0\u00bb uncode_shortcode_id=\u00a0\u00bb186995&Prime; sep_color_type=\u00a0\u00bbuncode-palette\u00a0\u00bb][vc_custom_heading text_color=\u00a0\u00bbcolor-wvjs\u00a0\u00bb heading_semantic=\u00a0\u00bbh6&Prime; text_font=\u00a0\u00bbfont-sterling\u00a0\u00bb text_size=\u00a0\u00bbcustom\u00a0\u00bb text_transform=\u00a0\u00bbuppercase\u00a0\u00bb text_space=\u00a0\u00bbfontspace-210350&Prime; uncode_shortcode_id=\u00a0\u00bb432761&Prime; heading_custom_size=\u00a0\u00bb11&Prime; text_color_type=\u00a0\u00bbuncode-palette\u00a0\u00bb]Phase d\u2019ex\u00e9cution[\/vc_custom_heading][vc_column_text uncode_shortcode_id=\u00a0\u00bb114181&Prime;]L\u2019architecte suit de pr\u00e8s la r\u00e9alisation du chantier, apportant r\u00e9ponses et solutions \u00e0 chaque question ou impr\u00e9vu pour garantir le succ\u00e8s du projet.<\/p>\n<p>Forts de plus de 20 ans d\u2019exp\u00e9rience, nous veillons \u00e0 la qualit\u00e9 des mises en \u0153uvre et des finitions, dans le respect exact des intentions du projet.<\/p>\n<p>Nous prenons \u00e9galement en charge la gestion administrative : suivi des paiements des \u00e9tats d\u2019avancement, v\u00e9rification des d\u00e9comptes et approbation des factures, pour un chantier serein et ma\u00eetris\u00e9.[\/vc_column_text][vc_separator sep_color=\u00a0\u00bbcolor-xsdn\u00a0\u00bb uncode_shortcode_id=\u00a0\u00bb186995&Prime; sep_color_type=\u00a0\u00bbuncode-palette\u00a0\u00bb][vc_custom_heading text_color=\u00a0\u00bbcolor-wvjs\u00a0\u00bb heading_semantic=\u00a0\u00bbh6&Prime; text_font=\u00a0\u00bbfont-sterling\u00a0\u00bb text_size=\u00a0\u00bbcustom\u00a0\u00bb text_transform=\u00a0\u00bbuppercase\u00a0\u00bb text_space=\u00a0\u00bbfontspace-210350&Prime; uncode_shortcode_id=\u00a0\u00bb954270&Prime; heading_custom_size=\u00a0\u00bb11&Prime; text_color_type=\u00a0\u00bbuncode-palette\u00a0\u00bb]R\u00e9ception provisoire[\/vc_custom_heading][vc_column_text uncode_shortcode_id=\u00a0\u00bb616103&Prime;]\u00c0 la fin du chantier, nous parcourons ensemble l\u2019ensemble du b\u00e2timent afin de relever toutes les observations \u00e0 corriger avant la remise officielle des lieux, garantissant que le projet corresponde parfaitement \u00e0 vos attentes.[\/vc_column_text][vc_separator sep_color=\u00a0\u00bbcolor-xsdn\u00a0\u00bb uncode_shortcode_id=\u00a0\u00bb186995&Prime; sep_color_type=\u00a0\u00bbuncode-palette\u00a0\u00bb][vc_custom_heading text_color=\u00a0\u00bbcolor-wvjs\u00a0\u00bb heading_semantic=\u00a0\u00bbh6&Prime; text_font=\u00a0\u00bbfont-sterling\u00a0\u00bb text_size=\u00a0\u00bbcustom\u00a0\u00bb text_transform=\u00a0\u00bbuppercase\u00a0\u00bb text_space=\u00a0\u00bbfontspace-210350&Prime; uncode_shortcode_id=\u00a0\u00bb775912&Prime; heading_custom_size=\u00a0\u00bb11&Prime; text_color_type=\u00a0\u00bbuncode-palette\u00a0\u00bb]R\u00e9ception d\u00e9finitive[\/vc_custom_heading][vc_column_text uncode_shortcode_id=\u00a0\u00bb112094&Prime;]Le ma\u00eetre d&rsquo;ouvrage dispose d\u2019une ann\u00e9e apr\u00e8s l\u2019occupation pour signaler d\u2019\u00e9ventuels d\u00e9fauts apparus au fil du temps.<br \/>\nLa mission de l\u2019architecte prend officiellement fin \u00e0 ce stade, mais nous restons toujours disponibles pour r\u00e9pondre \u00e0 vos questions.[\/vc_column_text][\/vc_column_inner][\/vc_row_inner][vc_empty_space empty_h=\u00a0\u00bb4&Prime;][\/vc_column][\/vc_row]<\/p>\n<\/div>","protected":false},"excerpt":{"rendered":"<p>[vc_row unlock_row_content=\u00a0\u00bbyes\u00a0\u00bb row_height_percent=\u00a0\u00bb100&Prime; override_padding=\u00a0\u00bbyes\u00a0\u00bb h_padding=\u00a0\u00bb2&Prime; top_padding=\u00a0\u00bb0&Prime; bottom_padding=\u00a0\u00bb0&Prime; back_color=\u00a0\u00bbcolor-jevc\u00a0\u00bb overlay_alpha=\u00a0\u00bb50&Prime; equal_height=\u00a0\u00bbyes\u00a0\u00bb gutter_size=\u00a0\u00bb3&Prime; column_width_percent=\u00a0\u00bb100&Prime; shift_y=\u00a0\u00bb0&Prime; z_index=\u00a0\u00bb0&Prime; content_parallax=\u00a0\u00bb0&Prime; uncode_shortcode_id=\u00a0\u00bb144124&Prime; back_color_type=\u00a0\u00bbuncode-palette\u00a0\u00bb el_class=\u00a0\u00bbblk\u00a0\u00bb][vc_column column_width_percent=\u00a0\u00bb100&Prime; gutter_size=\u00a0\u00bb3&Prime; [&hellip;]<\/p>\n","protected":false},"author":1,"featured_media":0,"parent":0,"menu_order":0,"comment_status":"open","ping_status":"closed","template":"","meta":{"footnotes":""},"class_list":["post-146483","page","type-page","status-publish","hentry"],"_links":{"self":[{"href":"http:\/\/supview.cluster014.ovh.net\/VINCX\/wp-json\/wp\/v2\/pages\/146483","targetHints":{"allow":["GET"]}}],"collection":[{"href":"http:\/\/supview.cluster014.ovh.net\/VINCX\/wp-json\/wp\/v2\/pages"}],"about":[{"href":"http:\/\/supview.cluster014.ovh.net\/VINCX\/wp-json\/wp\/v2\/types\/page"}],"author":[{"embeddable":true,"href":"http:\/\/supview.cluster014.ovh.net\/VINCX\/wp-json\/wp\/v2\/users\/1"}],"replies":[{"embeddable":true,"href":"http:\/\/supview.cluster014.ovh.net\/VINCX\/wp-json\/wp\/v2\/comments?post=146483"}],"version-history":[{"count":45,"href":"http:\/\/supview.cluster014.ovh.net\/VINCX\/wp-json\/wp\/v2\/pages\/146483\/revisions"}],"predecessor-version":[{"id":146582,"href":"http:\/\/supview.cluster014.ovh.net\/VINCX\/wp-json\/wp\/v2\/pages\/146483\/revisions\/146582"}],"wp:attachment":[{"href":"http:\/\/supview.cluster014.ovh.net\/VINCX\/wp-json\/wp\/v2\/media?parent=146483"}],"curies":[{"name":"wp","href":"https:\/\/api.w.org\/{rel}","templated":true}]}}