{"id":140992,"date":"2024-05-08T16:50:12","date_gmt":"2024-05-08T14:50:12","guid":{"rendered":"https:\/\/undsgn.com\/uncode\/?page_id=140992"},"modified":"2026-01-06T14:59:45","modified_gmt":"2026-01-06T13:59:45","slug":"homepage","status":"publish","type":"page","link":"http:\/\/supview.cluster014.ovh.net\/VINCX\/","title":{"rendered":"Vincx Architects"},"content":{"rendered":"<div class=\"wpb-content-wrapper\"><p>[vc_row row_height_percent=\u00a0\u00bb80&Prime; back_color=\u00a0\u00bbcolor-xsdn\u00a0\u00bb overlay_alpha=\u00a0\u00bb0&Prime; overlay_animated=\u00a0\u00bbyes\u00a0\u00bb overlay_animated_size=\u00a0\u00bb0.7&Prime; gutter_size=\u00a0\u00bb3&Prime; column_width_percent=\u00a0\u00bb100&Prime; shift_y=\u00a0\u00bb0&Prime; z_index=\u00a0\u00bb0&Prime; changer_back_color=\u00a0\u00bbyes\u00a0\u00bb content_parallax=\u00a0\u00bb0&Prime; front_end_with_slider=\u00a0\u00bbtrue\u00a0\u00bb uncode_shortcode_id=\u00a0\u00bb140325&Prime; el_class=\u00a0\u00bbheader-hp\u00a0\u00bb css=\u00a0\u00bb.vc_custom_1734602372275{padding-right: 15px !important;padding-left: 15px !important;}\u00a0\u00bb back_color_type=\u00a0\u00bbuncode-palette\u00a0\u00bb][vc_column column_width_percent=\u00a0\u00bb100&Prime; gutter_size=\u00a0\u00bb3&Prime; style=\u00a0\u00bblight\u00a0\u00bb back_color=\u00a0\u00bbcolor-xsdn\u00a0\u00bb overlay_alpha=\u00a0\u00bb50&Prime; shift_x=\u00a0\u00bb0&Prime; shift_y=\u00a0\u00bb0&Prime; shift_y_down=\u00a0\u00bb0&Prime; z_index=\u00a0\u00bb0&Prime; medium_width=\u00a0\u00bb0&Prime; mobile_width=\u00a0\u00bb0&Prime; width=\u00a0\u00bb1\/1&Prime; uncode_shortcode_id=\u00a0\u00bb193862&Prime; back_color_type=\u00a0\u00bbuncode-palette\u00a0\u00bb][uncode_slider slider_type=\u00a0\u00bbfade\u00a0\u00bb slider_interval=\u00a0\u00bb3000&Prime; slider_navspeed=\u00a0\u00bb1000&Prime; slider_loop=\u00a0\u00bbyes\u00a0\u00bb advanced_nav=\u00a0\u00bbyes\u00a0\u00bb el_id1=\u00a0\u00bbslider-43812&Prime; el_id=\u00a0\u00bbslider-43812&Prime;][vc_row_inner row_inner_height_percent=\u00a0\u00bb100&Prime; force_width_grid=\u00a0\u00bbyes\u00a0\u00bb back_color=\u00a0\u00bbcolor-xsdn\u00a0\u00bb back_image=\u00a0\u00bb146247&Prime; back_repeat=\u00a0\u00bbno-repeat\u00a0\u00bb back_position=\u00a0\u00bbcenter bottom\u00a0\u00bb parallax=\u00a0\u00bbyes\u00a0\u00bb overlay_alpha=\u00a0\u00bb0&Prime; gutter_size=\u00a0\u00bb3&Prime; shift_y=\u00a0\u00bb0&Prime; z_index=\u00a0\u00bb0&Prime; limit_content=\u00a0\u00bbyes\u00a0\u00bb front_end_with_slider=\u00a0\u00bbtrue\u00a0\u00bb uncode_shortcode_id=\u00a0\u00bb878614&Prime; back_color_type=\u00a0\u00bbuncode-palette\u00a0\u00bb el_class=\u00a0\u00bbradius-sm\u00a0\u00bb back_size=\u00a0\u00bbcover\u00a0\u00bb][vc_column_inner column_width_percent=\u00a0\u00bb100&Prime; position_vertical=\u00a0\u00bbmiddle\u00a0\u00bb align_horizontal=\u00a0\u00bbalign_center\u00a0\u00bb gutter_size=\u00a0\u00bb3&Prime; expand_height=\u00a0\u00bbyes\u00a0\u00bb style=\u00a0\u00bbdark\u00a0\u00bb overlay_alpha=\u00a0\u00bb0&Prime; shift_x=\u00a0\u00bb0&Prime; shift_y=\u00a0\u00bb0&Prime; shift_y_down=\u00a0\u00bb0&Prime; z_index=\u00a0\u00bb0&Prime; medium_width=\u00a0\u00bb0&Prime; mobile_width=\u00a0\u00bb0&Prime; zoom_width=\u00a0\u00bb0&Prime; zoom_height=\u00a0\u00bb0&Prime; width=\u00a0\u00bb1\/1&Prime; uncode_shortcode_id=\u00a0\u00bb151787&Prime;][\/vc_column_inner][\/vc_row_inner][vc_row_inner row_inner_height_percent=\u00a0\u00bb0&Prime; back_image=\u00a0\u00bb146216&Prime; back_repeat=\u00a0\u00bbno-repeat\u00a0\u00bb back_position=\u00a0\u00bbcenter bottom\u00a0\u00bb parallax=\u00a0\u00bbyes\u00a0\u00bb overlay_color=\u00a0\u00bbaccent\u00a0\u00bb overlay_alpha=\u00a0\u00bb6&Prime; gutter_size=\u00a0\u00bb3&Prime; shift_y=\u00a0\u00bb0&Prime; z_index=\u00a0\u00bb0&Prime; uncode_shortcode_id=\u00a0\u00bb102444&Prime; back_size=\u00a0\u00bbcover\u00a0\u00bb overlay_color_type=\u00a0\u00bbuncode-palette\u00a0\u00bb][vc_column_inner width=\u00a0\u00bb1\/1&Prime;][\/vc_column_inner][\/vc_row_inner][vc_row_inner row_inner_height_percent=\u00a0\u00bb0&Prime; back_image=\u00a0\u00bb146295&Prime; back_repeat=\u00a0\u00bbno-repeat\u00a0\u00bb back_position=\u00a0\u00bbcenter bottom\u00a0\u00bb parallax=\u00a0\u00bbyes\u00a0\u00bb overlay_color=\u00a0\u00bbaccent\u00a0\u00bb overlay_alpha=\u00a0\u00bb6&Prime; gutter_size=\u00a0\u00bb3&Prime; shift_y=\u00a0\u00bb0&Prime; z_index=\u00a0\u00bb0&Prime; uncode_shortcode_id=\u00a0\u00bb902188&Prime; back_size=\u00a0\u00bbcover\u00a0\u00bb overlay_color_type=\u00a0\u00bbuncode-palette\u00a0\u00bb][vc_column_inner width=\u00a0\u00bb1\/1&Prime;][\/vc_column_inner][\/vc_row_inner][\/uncode_slider][uncode_carousel_nav skin=\u00a0\u00bbdark\u00a0\u00bb position=\u00a0\u00bbabsolute\u00a0\u00bb padding=\u00a0\u00bb0&Prime; arrows_position=\u00a0\u00bbel_absolute\u00a0\u00bb arrows_width=\u00a0\u00bbwindow\u00a0\u00bb arrows_v_align=\u00a0\u00bbmiddle\u00a0\u00bb arrows_padding=\u00a0\u00bb2&Prime; arrow_style=\u00a0\u00bbround\u00a0\u00bb arrow_bg_size=\u00a0\u00bbno\u00a0\u00bb icon=\u00a0\u00bbfa fa-arrow-right2&Prime; arrow_size=\u00a0\u00bbfa-075x\u00a0\u00bb animated_arrows=\u00a0\u00bbyes\u00a0\u00bb arrows_visibility=\u00a0\u00bbyes\u00a0\u00bb arrows_medium_visibility=\u00a0\u00bbyes\u00a0\u00bb arrows_mobile_visibility=\u00a0\u00bbyes\u00a0\u00bb hide_dots=\u00a0\u00bbyes\u00a0\u00bb hide_counter=\u00a0\u00bbyes\u00a0\u00bb uncode_shortcode_id=\u00a0\u00bb209296&Prime; target=\u00a0\u00bbslider-43812&Prime;][vc_single_image media=\u00a0\u00bb145602&Prime; media_width_use_pixel=\u00a0\u00bbyes\u00a0\u00bb alignment=\u00a0\u00bbcenter\u00a0\u00bb uncode_shortcode_id=\u00a0\u00bb202128&Prime; media_width_pixel=\u00a0\u00bb140&Prime; el_class=\u00a0\u00bblogocarousel\u00a0\u00bb][\/vc_column][\/vc_row][vc_row row_height_percent=\u00a0\u00bb0&Prime; override_padding=\u00a0\u00bbyes\u00a0\u00bb h_padding=\u00a0\u00bb2&Prime; top_padding=\u00a0\u00bb4&Prime; bottom_padding=\u00a0\u00bb4&Prime; overlay_alpha=\u00a0\u00bb50&Prime; gutter_size=\u00a0\u00bb3&Prime; column_width_percent=\u00a0\u00bb100&Prime; shift_y=\u00a0\u00bb0&Prime; z_index=\u00a0\u00bb0&Prime; content_parallax=\u00a0\u00bb0&Prime; uncode_shortcode_id=\u00a0\u00bb297084&Prime;][vc_column width=\u00a0\u00bb6\/12&Prime;][vc_custom_heading text_color=\u00a0\u00bbcolor-jevc\u00a0\u00bb text_height=\u00a0\u00bbfontheight-179065&Prime; uncode_shortcode_id=\u00a0\u00bb183577&Prime; text_color_type=\u00a0\u00bbuncode-palette\u00a0\u00bb]BUREAU D&rsquo;ARCHITECTE MULTIDISCIPLINAIRE ET PARTENAIRE ID\u00c9AL POUR VOTRE PROJET![\/vc_custom_heading][vc_column_text uncode_shortcode_id=\u00a0\u00bb139822&Prime;]Depuis plus de 20 ans, Vincx Architects con\u00e7oit et r\u00e9alise des projets d\u2019architecture contemporains, allant du logement aux infrastructures sportives, en passant par les bureaux et l\u2019am\u00e9nagement int\u00e9rieur sur mesure.<\/p>\n<p>Nous cr\u00e9ons des espaces \u00e9pur\u00e9s, fonctionnels et confortables, o\u00f9 chaque d\u00e9tail est pens\u00e9 avec exigence. Notre expertise en acoustique renforce le bien-\u00eatre dans chaque pi\u00e8ce de vie, de travail ou de repos.<\/p>\n<p>Au-del\u00e0 de notre ma\u00eetrise technique, nous portons une attention particuli\u00e8re \u00e0 l\u2019esth\u00e9tique, \u00e0 la d\u00e9coration int\u00e9rieure et aux justes proportions, afin de concevoir des espaces harmonieux, durables et \u00e9l\u00e9gants.[\/vc_column_text][\/vc_column][vc_column width=\u00a0\u00bb6\/12&Prime;][\/vc_column][\/vc_row][vc_row unlock_row_content=\u00a0\u00bbyes\u00a0\u00bb row_height_percent=\u00a0\u00bb0&Prime; override_padding=\u00a0\u00bbyes\u00a0\u00bb h_padding=\u00a0\u00bb2&Prime; top_padding=\u00a0\u00bb0&Prime; bottom_padding=\u00a0\u00bb0&Prime; back_color=\u00a0\u00bbcolor-xsdn\u00a0\u00bb overlay_alpha=\u00a0\u00bb50&Prime; gutter_size=\u00a0\u00bb3&Prime; column_width_percent=\u00a0\u00bb100&Prime; shift_y=\u00a0\u00bb0&Prime; z_index=\u00a0\u00bb0&Prime; changer_back_color=\u00a0\u00bbyes\u00a0\u00bb content_parallax=\u00a0\u00bb0&Prime; uncode_shortcode_id=\u00a0\u00bb130062&Prime; back_color_type=\u00a0\u00bbuncode-palette\u00a0\u00bb][vc_column column_width_percent=\u00a0\u00bb100&Prime; gutter_size=\u00a0\u00bb4&Prime; overlay_alpha=\u00a0\u00bb50&Prime; shift_x=\u00a0\u00bb0&Prime; shift_y=\u00a0\u00bb0&Prime; shift_y_down=\u00a0\u00bb0&Prime; z_index=\u00a0\u00bb0&Prime; medium_width=\u00a0\u00bb0&Prime; mobile_width=\u00a0\u00bb0&Prime; width=\u00a0\u00bb1\/1&Prime; uncode_shortcode_id=\u00a0\u00bb159513&Prime;][vc_gallery el_id=\u00a0\u00bbgallery-144837&Prime; type=\u00a0\u00bbcustom_grid\u00a0\u00bb custom_grid_content_block_id=\u00a0\u00bb103437&Prime; medias=\u00a0\u00bb145611,145612,145615,146163,146583,145616&Prime; media_items=\u00a0\u00bbmedia|custom_link|original,title\u00a0\u00bb single_text=\u00a0\u00bbunder\u00a0\u00bb single_overlay_opacity=\u00a0\u00bb1&Prime; single_overlay_anim=\u00a0\u00bbno\u00a0\u00bb single_text_visible=\u00a0\u00bbyes\u00a0\u00bb single_text_anim=\u00a0\u00bbno\u00a0\u00bb single_v_position=\u00a0\u00bbbottom\u00a0\u00bb single_padding=\u00a0\u00bb0&Prime; single_title_family=\u00a0\u00bbfont-sterling\u00a0\u00bb single_title_dimension=\u00a0\u00bbfontsize-160000&Prime; single_title_weight=\u00a0\u00bb400&Prime; single_title_transform=\u00a0\u00bbuppercase\u00a0\u00bb single_text_lead=\u00a0\u00bbsmall\u00a0\u00bb single_border=\u00a0\u00bbyes\u00a0\u00bb single_css_animation=\u00a0\u00bbalpha-anim\u00a0\u00bb single_animation_speed=\u00a0\u00bb600&Prime; lbox_skin=\u00a0\u00bbwhite\u00a0\u00bb lbox_transparency=\u00a0\u00bbopaque\u00a0\u00bb lbox_caption=\u00a0\u00bbyes\u00a0\u00bb lbox_social=\u00a0\u00bbyes\u00a0\u00bb lbox_deep=\u00a0\u00bbyes\u00a0\u00bb lbox_actual_size=\u00a0\u00bbyes\u00a0\u00bb lbox_full=\u00a0\u00bbyes\u00a0\u00bb lbox_download=\u00a0\u00bbyes\u00a0\u00bb lbox_counter=\u00a0\u00bbyes\u00a0\u00bb lbox_no_tmb=\u00a0\u00bbyes\u00a0\u00bb lbox_transition=\u00a0\u00bblg-zoom-out\u00a0\u00bb uncode_shortcode_id=\u00a0\u00bb482585&Prime; items=\u00a0\u00bbeyIxNDU2MTVfaSI6eyJzaW5nbGVfbGluayI6InVybDpodHRwJTNBJTJGJTJGc3Vwdmlldy5jbHVzdGVyMDE0Lm92aC5uZXQlMkZWSU5DWCUyRnBvcnRmb2xpbyUyRmFwcGFydGVtZW50LW53JTJGfHRpdGxlOkFwcGFydGVtZW50JTIwTiUyNlcifSwiMTQ1NjE2X2kiOnsic2luZ2xlX2xpbmsiOiJ1cmw6aHR0cCUzQSUyRiUyRnN1cHZpZXcuY2x1c3RlcjAxNC5vdmgubmV0JTJGVklOQ1glMkZwb3J0Zm9saW8lMkZwaGFybWFjaWUtaG9mZm1hbm4lMkZ8dGl0bGU6UGhhcm1hY2llJTIwSG9mZm1hbm4ifSwiMTQ1NjE0X2kiOnsic2luZ2xlX2xpbmsiOiJ1cmw6aHR0cCUzQSUyRiUyRnN1cHZpZXcuY2x1c3RlcjAxNC5vdmgubmV0JTJGVklOQ1glMkZwb3J0Zm9saW8lMkZyZXNpZGVuY2UtcGljYXJkJTJGfHRpdGxlOlIlQzMlQTlzaWRlbmNlJTIwUGljYXJkIn0sIjE0NjE2M19pIjp7InNpbmdsZV9saW5rIjoidXJsOmh0dHAlM0ElMkYlMkZzdXB2aWV3LmNsdXN0ZXIwMTQub3ZoLm5ldCUyRlZJTkNYJTJGcG9ydGZvbGlvJTJGc2llZ2UtYmVsZ2lhbi1jeWNsaW5nJTJGfHRpdGxlOlNpJUMzJUE4Z2UlMjBCZWxnaWFuJTIwQ3ljbGluZyJ9LCIxNDU2MTFfaSI6eyJzaW5nbGVfbGluayI6InVybDpodHRwJTNBJTJGJTJGc3Vwdmlldy5jbHVzdGVyMDE0Lm92aC5uZXQlMkZWSU5DWCUyRnBvcnRmb2xpbyUyRnJiZmEtemV0ZWwlMkZ8dGl0bGU6UkJGQSUyMCVFMiU4MCU5MyUyMFpldGVsIn0sIjE0NTYxMl9pIjp7InNpbmdsZV9saW5rIjoidXJsOmh0dHAlM0ElMkYlMkZzdXB2aWV3LmNsdXN0ZXIwMTQub3ZoLm5ldCUyRlZJTkNYJTJGcG9ydGZvbGlvJTJGbWFpc29uLXMlMkZ8dGl0bGU6TWFpc29uJTIwUyJ9LCIxNDYzMDFfaSI6eyJzaW5nbGVfbGluayI6InVybDpodHRwJTNBJTJGJTJGc3Vwdmlldy5jbHVzdGVyMDE0Lm92aC5uZXQlMkZWSU5DWCUyRnBvcnRmb2xpbyUyRnNpZWdlLWJlbGdpYW4tY3ljbGluZyUyRnx0aXRsZTpTaSVDMyVBOGdlJTIwQmVsZ2lhbiUyMEN5Y2xpbmcifSwiMTQ2NTgzX2kiOnsic2luZ2xlX2xpbmsiOiJ1cmw6aHR0cCUzQSUyRiUyRnN1cHZpZXcuY2x1c3RlcjAxNC5vdmgubmV0JTJGVklOQ1glMkZwb3J0Zm9saW8lMkYxMzUtdnIlMkZ8dGl0bGU6TWFpc29uJTIwViUyNlIifX0=\u00a0\u00bb][\/vc_column][\/vc_row][vc_row row_height_percent=\u00a0\u00bb0&Prime; override_padding=\u00a0\u00bbyes\u00a0\u00bb h_padding=\u00a0\u00bb2&Prime; top_padding=\u00a0\u00bb4&Prime; bottom_padding=\u00a0\u00bb0&Prime; back_color=\u00a0\u00bbcolor-xsdn\u00a0\u00bb overlay_alpha=\u00a0\u00bb50&Prime; gutter_size=\u00a0\u00bb3&Prime; column_width_percent=\u00a0\u00bb100&Prime; shift_y=\u00a0\u00bb0&Prime; z_index=\u00a0\u00bb0&Prime; changer_back_color=\u00a0\u00bbyes\u00a0\u00bb content_parallax=\u00a0\u00bb0&Prime; uncode_shortcode_id=\u00a0\u00bb435985&Prime; back_color_type=\u00a0\u00bbuncode-palette\u00a0\u00bb][vc_column column_width_percent=\u00a0\u00bb100&Prime; align_horizontal=\u00a0\u00bbalign_center\u00a0\u00bb gutter_size=\u00a0\u00bb3&Prime; overlay_alpha=\u00a0\u00bb50&Prime; shift_x=\u00a0\u00bb0&Prime; shift_y=\u00a0\u00bb0&Prime; shift_y_down=\u00a0\u00bb0&Prime; z_index=\u00a0\u00bb0&Prime; medium_width=\u00a0\u00bb0&Prime; mobile_width=\u00a0\u00bb0&Prime; width=\u00a0\u00bb1\/1&Prime; uncode_shortcode_id=\u00a0\u00bb116342&Prime;][vc_button button_color=\u00a0\u00bbcolor-jevc\u00a0\u00bb border_width=\u00a0\u00bb0&Prime; scale_mobile=\u00a0\u00bbno\u00a0\u00bb uncode_shortcode_id=\u00a0\u00bb694972&Prime; link=\u00a0\u00bburl:http%3A%2F%2Fsupview.cluster014.ovh.net%2FVINCX%2Fprojets%2F|title:Projets\u00a0\u00bb button_color_type=\u00a0\u00bbuncode-palette\u00a0\u00bb]Voir la liste des projets[\/vc_button][\/vc_column][\/vc_row][vc_row row_height_percent=\u00a0\u00bb0&Prime; override_padding=\u00a0\u00bbyes\u00a0\u00bb h_padding=\u00a0\u00bb2&Prime; top_padding=\u00a0\u00bb0&Prime; bottom_padding=\u00a0\u00bb0&Prime; back_color=\u00a0\u00bbcolor-xsdn\u00a0\u00bb overlay_alpha=\u00a0\u00bb50&Prime; gutter_size=\u00a0\u00bb3&Prime; column_width_percent=\u00a0\u00bb100&Prime; shift_y=\u00a0\u00bb0&Prime; z_index=\u00a0\u00bb0&Prime; changer_back_color=\u00a0\u00bbyes\u00a0\u00bb content_parallax=\u00a0\u00bb0&Prime; uncode_shortcode_id=\u00a0\u00bb469603&Prime; back_color_type=\u00a0\u00bbuncode-palette\u00a0\u00bb][vc_column column_width_percent=\u00a0\u00bb100&Prime; align_horizontal=\u00a0\u00bbalign_center\u00a0\u00bb gutter_size=\u00a0\u00bb3&Prime; overlay_alpha=\u00a0\u00bb50&Prime; shift_x=\u00a0\u00bb0&Prime; shift_y=\u00a0\u00bb0&Prime; shift_y_down=\u00a0\u00bb0&Prime; z_index=\u00a0\u00bb0&Prime; medium_width=\u00a0\u00bb0&Prime; mobile_width=\u00a0\u00bb0&Prime; width=\u00a0\u00bb1\/1&Prime; uncode_shortcode_id=\u00a0\u00bb480743&Prime;][\/vc_column][\/vc_row]<\/p>\n<\/div>","protected":false},"excerpt":{"rendered":"<p>The Carousel\/Slider Navigation offers new and advanced options for the navigation, helping you achieve the perfect layout and functionalities for your website.<\/p>\n","protected":false},"author":1,"featured_media":0,"parent":0,"menu_order":1,"comment_status":"closed","ping_status":"closed","template":"","meta":{"footnotes":""},"class_list":["post-140992","page","type-page","status-publish","hentry"],"_links":{"self":[{"href":"http:\/\/supview.cluster014.ovh.net\/VINCX\/wp-json\/wp\/v2\/pages\/140992","targetHints":{"allow":["GET"]}}],"collection":[{"href":"http:\/\/supview.cluster014.ovh.net\/VINCX\/wp-json\/wp\/v2\/pages"}],"about":[{"href":"http:\/\/supview.cluster014.ovh.net\/VINCX\/wp-json\/wp\/v2\/types\/page"}],"author":[{"embeddable":true,"href":"http:\/\/supview.cluster014.ovh.net\/VINCX\/wp-json\/wp\/v2\/users\/1"}],"replies":[{"embeddable":true,"href":"http:\/\/supview.cluster014.ovh.net\/VINCX\/wp-json\/wp\/v2\/comments?post=140992"}],"version-history":[{"count":77,"href":"http:\/\/supview.cluster014.ovh.net\/VINCX\/wp-json\/wp\/v2\/pages\/140992\/revisions"}],"predecessor-version":[{"id":146605,"href":"http:\/\/supview.cluster014.ovh.net\/VINCX\/wp-json\/wp\/v2\/pages\/140992\/revisions\/146605"}],"wp:attachment":[{"href":"http:\/\/supview.cluster014.ovh.net\/VINCX\/wp-json\/wp\/v2\/media?parent=140992"}],"curies":[{"name":"wp","href":"https:\/\/api.w.org\/{rel}","templated":true}]}}